{"id":1405,"date":"2024-05-25T13:54:08","date_gmt":"2024-05-25T12:54:08","guid":{"rendered":"https:\/\/fotonostalgic.eu\/?page_id=1405"},"modified":"2024-05-25T14:17:53","modified_gmt":"2024-05-25T13:17:53","slug":"powershot-w-wielkim-miescie-sandacz-2008","status":"publish","type":"page","link":"https:\/\/fotonostalgic.eu\/index.php\/galerie\/galeria-sandacza\/powershot-w-wielkim-miescie-sandacz-2008\/","title":{"rendered":"Powershot w wielkim mie\u015bcie (Sandacz 2008)"},"content":{"rendered":"\n<p>Niniejsza galeria sk\u0142ada si\u0119 z selekcji zdj\u0119\u0107 dokumentuj\u0105cych wyjazd do Nowego Jorku we wrze\u015bniu 2008 roku. Poza zdj\u0119ciami przedstawiaj\u0105cymi downtown Manhattan i Brooklyn, galeria zawiera kilka zdj\u0119\u0107 z weekendu na Long Island.<\/p>\n\n\n\nngg_shortcode_0_placeholder\n\n\n\n<p>Zdj\u0119cia zosta\u0142y wykonane z wykorzystaniem aparatu Canon Powershot A510&#8230; i tyle? Trudno tu cokolwiek wiecej napisa\u0107. Preset vivid, jpg ftw.<\/p>\n\n\n\n<p><strong>Wpis dotycz\u0105cy galerii:<\/strong><\/p>\n\n\n\n<figure class=\"wp-block-embed is-type-wp-embed is-provider-fotonostalgic wp-block-embed-fotonostalgic\"><div class=\"wp-block-embed__wrapper\">\n<blockquote class=\"wp-embedded-content\" data-secret=\"jy2fx6873u\"><a href=\"https:\/\/fotonostalgic.eu\/index.php\/2024\/04\/28\/powershot-w-wielkim-miescie\/\">Powershot w wielkim mie\u015bcie<\/a><\/blockquote><iframe loading=\"lazy\" class=\"wp-embedded-content\" sandbox=\"allow-scripts\" security=\"restricted\" style=\"position: absolute; clip: rect(1px, 1px, 1px, 1px);\" title=\"&#8222;Powershot w wielkim mie\u015bcie&#8221; &#8212; Fotonostalgic\" src=\"https:\/\/fotonostalgic.eu\/index.php\/2024\/04\/28\/powershot-w-wielkim-miescie\/embed\/#?secret=fo8zFTDN1D#?secret=jy2fx6873u\" data-secret=\"jy2fx6873u\" width=\"500\" height=\"282\" frameborder=\"0\" marginwidth=\"0\" marginheight=\"0\" scrolling=\"no\"><\/iframe>\n<\/div><\/figure>\n","protected":false},"excerpt":{"rendered":"<p>Niniejsza galeria sk\u0142ada si\u0119 z selekcji zdj\u0119\u0107 dokumentuj\u0105cych wyjazd do Nowego Jorku we wrze\u015bniu 2008 roku. Poza zdj\u0119ciami przedstawiaj\u0105cymi downtown Manhattan i Brooklyn, galeria zawiera kilka zdj\u0119\u0107 z weekendu na Long Island. Zdj\u0119cia zosta\u0142y wykonane z wykorzystaniem aparatu Canon Powershot A510&#8230; i tyle? Trudno tu cokolwiek wiecej napisa\u0107. Preset vivid, jpg ftw. Wpis dotycz\u0105cy galerii:<\/p>\n","protected":false},"author":2,"featured_media":0,"parent":391,"menu_order":0,"comment_status":"closed","ping_status":"closed","template":"","meta":{"ngg_post_thumbnail":0,"footnotes":""},"class_list":["post-1405","page","type-page","status-publish","hentry"],"_links":{"self":[{"href":"https:\/\/fotonostalgic.eu\/index.php\/wp-json\/wp\/v2\/pages\/1405","targetHints":{"allow":["GET"]}}],"collection":[{"href":"https:\/\/fotonostalgic.eu\/index.php\/wp-json\/wp\/v2\/pages"}],"about":[{"href":"https:\/\/fotonostalgic.eu\/index.php\/wp-json\/wp\/v2\/types\/page"}],"author":[{"embeddable":true,"href":"https:\/\/fotonostalgic.eu\/index.php\/wp-json\/wp\/v2\/users\/2"}],"replies":[{"embeddable":true,"href":"https:\/\/fotonostalgic.eu\/index.php\/wp-json\/wp\/v2\/comments?post=1405"}],"version-history":[{"count":6,"href":"https:\/\/fotonostalgic.eu\/index.php\/wp-json\/wp\/v2\/pages\/1405\/revisions"}],"predecessor-version":[{"id":1414,"href":"https:\/\/fotonostalgic.eu\/index.php\/wp-json\/wp\/v2\/pages\/1405\/revisions\/1414"}],"up":[{"embeddable":true,"href":"https:\/\/fotonostalgic.eu\/index.php\/wp-json\/wp\/v2\/pages\/391"}],"wp:attachment":[{"href":"https:\/\/fotonostalgic.eu\/index.php\/wp-json\/wp\/v2\/media?parent=1405"}],"curies":[{"name":"wp","href":"https:\/\/api.w.org\/{rel}","templated":true}]}}