{"id":149,"date":"2024-03-21T11:52:53","date_gmt":"2024-03-21T10:52:53","guid":{"rendered":"https:\/\/fotonostalgic.eu\/?page_id=149"},"modified":"2024-03-21T12:10:22","modified_gmt":"2024-03-21T11:10:22","slug":"o-nas","status":"publish","type":"page","link":"https:\/\/fotonostalgic.eu\/index.php\/o-nas\/","title":{"rendered":"O nas"},"content":{"rendered":"\n<p>Cze\u015b\u0107 jestem Pito. Jest te\u017c Makao i Sandacz. Robimy zdj\u0119cia. Strona jest w budowie, wi\u0119c to jest tekst zast\u0119pczy.<\/p>\n\n\n\n<figure class=\"wp-block-image size-large\"><img loading=\"lazy\" decoding=\"async\" width=\"1024\" height=\"683\" src=\"https:\/\/fotonostalgic.eu\/wp-content\/uploads\/2024\/03\/IMG_0922-1024x683.jpg\" alt=\"\" class=\"wp-image-169\" srcset=\"https:\/\/fotonostalgic.eu\/wp-content\/uploads\/2024\/03\/IMG_0922-1024x683.jpg 1024w, https:\/\/fotonostalgic.eu\/wp-content\/uploads\/2024\/03\/IMG_0922-300x200.jpg 300w, https:\/\/fotonostalgic.eu\/wp-content\/uploads\/2024\/03\/IMG_0922-768x512.jpg 768w, https:\/\/fotonostalgic.eu\/wp-content\/uploads\/2024\/03\/IMG_0922-1536x1025.jpg 1536w, https:\/\/fotonostalgic.eu\/wp-content\/uploads\/2024\/03\/IMG_0922-2048x1366.jpg 2048w\" sizes=\"auto, (max-width: 1024px) 100vw, 1024px\" \/><\/figure>\n","protected":false},"excerpt":{"rendered":"<p>Cze\u015b\u0107 jestem Pito. Jest te\u017c Makao i Sandacz. Robimy zdj\u0119cia. Strona jest w budowie, wi\u0119c to jest tekst zast\u0119pczy.<\/p>\n","protected":false},"author":1,"featured_media":0,"parent":0,"menu_order":0,"comment_status":"closed","ping_status":"closed","template":"","meta":{"ngg_post_thumbnail":0,"footnotes":""},"class_list":["post-149","page","type-page","status-publish","hentry"],"_links":{"self":[{"href":"https:\/\/fotonostalgic.eu\/index.php\/wp-json\/wp\/v2\/pages\/149","targetHints":{"allow":["GET"]}}],"collection":[{"href":"https:\/\/fotonostalgic.eu\/index.php\/wp-json\/wp\/v2\/pages"}],"about":[{"href":"https:\/\/fotonostalgic.eu\/index.php\/wp-json\/wp\/v2\/types\/page"}],"author":[{"embeddable":true,"href":"https:\/\/fotonostalgic.eu\/index.php\/wp-json\/wp\/v2\/users\/1"}],"replies":[{"embeddable":true,"href":"https:\/\/fotonostalgic.eu\/index.php\/wp-json\/wp\/v2\/comments?post=149"}],"version-history":[{"count":4,"href":"https:\/\/fotonostalgic.eu\/index.php\/wp-json\/wp\/v2\/pages\/149\/revisions"}],"predecessor-version":[{"id":170,"href":"https:\/\/fotonostalgic.eu\/index.php\/wp-json\/wp\/v2\/pages\/149\/revisions\/170"}],"wp:attachment":[{"href":"https:\/\/fotonostalgic.eu\/index.php\/wp-json\/wp\/v2\/media?parent=149"}],"curies":[{"name":"wp","href":"https:\/\/api.w.org\/{rel}","templated":true}]}}