{"id":153,"date":"2024-03-21T11:57:49","date_gmt":"2024-03-21T10:57:49","guid":{"rendered":"https:\/\/fotonostalgic.eu\/?page_id=153"},"modified":"2025-08-21T14:02:51","modified_gmt":"2025-08-21T13:02:51","slug":"galeria-pito","status":"publish","type":"page","link":"https:\/\/fotonostalgic.eu\/index.php\/galerie\/galeria-pito\/","title":{"rendered":"Galeria Pito"},"content":{"rendered":"\n<p class=\"has-medium-font-size\">Galerie:<\/p>\n\n\n\n<ul class=\"wp-block-list\">\n<li><a href=\"https:\/\/fotonostalgic.eu\/index.php\/galerie\/galeria-pito\/natura-i-krajobrazy\/\" data-type=\"page\" data-id=\"1562\">Natura i Krajobrazy<\/a><\/li>\n\n\n\n<li><a href=\"https:\/\/fotonostalgic.eu\/index.php\/galerie\/galeria-pito\/lomografia\/\" data-type=\"page\" data-id=\"1593\">Lomografia<\/a><\/li>\n\n\n\n<li><a href=\"https:\/\/fotonostalgic.eu\/index.php\/galerie\/galeria-pito\/retropolska\/\" data-type=\"page\" data-id=\"1662\">Retropolska<\/a><\/li>\n\n\n\n<li><a href=\"https:\/\/fotonostalgic.eu\/index.php\/galerie\/galeria-pito\/royal-poland\/\" data-type=\"page\" data-id=\"1702\">Royal Poland<\/a><\/li>\n\n\n\n<li><a href=\"https:\/\/fotonostalgic.eu\/index.php\/galerie\/galeria-pito\/felicity\/\" data-type=\"page\" data-id=\"1737\">Felicity<\/a><\/li>\n\n\n\n<li><a href=\"https:\/\/fotonostalgic.eu\/index.php\/galerie\/galeria-pito\/stary-komputer-foto\/\" data-type=\"page\" data-id=\"1845\">Stary Komputer Foto<\/a><\/li>\n\n\n\n<li><a href=\"https:\/\/fotonostalgic.eu\/index.php\/galerie\/galeria-pito\/animatsuri-2022\/\" data-type=\"page\" data-id=\"1900\">Animatsuri 2022<\/a><\/li>\n<\/ul>\n\n\n\n<p class=\"has-small-font-size\">Pewnego wiosennego dnia (rok 2007), znalaz\u0142em w szafie u Taty starego rodzinnego Zenita 12XP. Za pozwoleniem &#8211; wzi\u0105\u0142em go do zabawy. By\u0142em pewny, i\u017c zdj\u0119cia wyjd\u0105 cudownie. Po wywo\u0142aniu filmu okaza\u0142o si\u0119, i\u017c wysz\u0142o tylko oko\u0142o 10 zdj\u0119\u0107 z 36. Narrator wtedy powiedzia\u0142: <strong>Witamy w \u015bwiecie fotografii<\/strong>.<\/p>\n\n\n\n<p class=\"has-small-font-size\">To do\u015bwiadczenie zmusi\u0142o mnie do nauki, czym w\u0142a\u015bciwie jest fotografia. Okazuje si\u0119, \u017ce zabawa by\u0142a bardzo fajna. Przerodzi\u0142o si\u0119 to w co\u015b wi\u0119cej. W plany na przysz\u0142o\u015b\u0107. Niestety w 2012 roku okaza\u0142o si\u0119, i\u017c musz\u0119 obra\u0107 inn\u0105 \u015bcie\u017ck\u0119 kariery.<\/p>\n\n\n\n<p class=\"has-small-font-size\">Po niemal 10ciu latach zobaczy\u0142em filmik o Holdze 120N &#8211; aparacie, kt\u00f3rego zawsze chcia\u0142em mie\u0107. Okazuje si\u0119, i\u017c ponownie jest sprzedawana i to ca\u0142kiem tanio. I tak przypadkiem puszka pandory zosta\u0142a ponownie otwarta.<\/p>\n\n\n\n<p class=\"has-small-font-size\"><\/p>\n","protected":false},"excerpt":{"rendered":"<p>Galerie: Pewnego wiosennego dnia (rok 2007), znalaz\u0142em w szafie u Taty starego rodzinnego Zenita 12XP. Za pozwoleniem &#8211; wzi\u0105\u0142em go do zabawy. By\u0142em pewny, i\u017c zdj\u0119cia wyjd\u0105 cudownie. Po wywo\u0142aniu filmu okaza\u0142o si\u0119, i\u017c wysz\u0142o tylko oko\u0142o 10 zdj\u0119\u0107 z 36. Narrator wtedy powiedzia\u0142: Witamy w \u015bwiecie fotografii. To do\u015bwiadczenie zmusi\u0142o mnie do nauki, czym [&hellip;]<\/p>\n","protected":false},"author":1,"featured_media":0,"parent":152,"menu_order":0,"comment_status":"closed","ping_status":"closed","template":"","meta":{"ngg_post_thumbnail":0,"footnotes":""},"class_list":["post-153","page","type-page","status-publish","hentry"],"_links":{"self":[{"href":"https:\/\/fotonostalgic.eu\/index.php\/wp-json\/wp\/v2\/pages\/153","targetHints":{"allow":["GET"]}}],"collection":[{"href":"https:\/\/fotonostalgic.eu\/index.php\/wp-json\/wp\/v2\/pages"}],"about":[{"href":"https:\/\/fotonostalgic.eu\/index.php\/wp-json\/wp\/v2\/types\/page"}],"author":[{"embeddable":true,"href":"https:\/\/fotonostalgic.eu\/index.php\/wp-json\/wp\/v2\/users\/1"}],"replies":[{"embeddable":true,"href":"https:\/\/fotonostalgic.eu\/index.php\/wp-json\/wp\/v2\/comments?post=153"}],"version-history":[{"count":16,"href":"https:\/\/fotonostalgic.eu\/index.php\/wp-json\/wp\/v2\/pages\/153\/revisions"}],"predecessor-version":[{"id":1901,"href":"https:\/\/fotonostalgic.eu\/index.php\/wp-json\/wp\/v2\/pages\/153\/revisions\/1901"}],"up":[{"embeddable":true,"href":"https:\/\/fotonostalgic.eu\/index.php\/wp-json\/wp\/v2\/pages\/152"}],"wp:attachment":[{"href":"https:\/\/fotonostalgic.eu\/index.php\/wp-json\/wp\/v2\/media?parent=153"}],"curies":[{"name":"wp","href":"https:\/\/api.w.org\/{rel}","templated":true}]}}