{"id":162,"date":"2024-03-21T12:07:29","date_gmt":"2024-03-21T11:07:29","guid":{"rendered":"https:\/\/fotonostalgic.eu\/?page_id=162"},"modified":"2024-04-01T11:39:09","modified_gmt":"2024-04-01T10:39:09","slug":"kategorie","status":"publish","type":"page","link":"https:\/\/fotonostalgic.eu\/index.php\/kategorie\/","title":{"rendered":"Kategorie"},"content":{"rendered":"\n<p>Wszystkie nasze posty maj\u0105 odpowiedni\u0105 kategori\u0119. Wybierz jedn\u0105 z nich:<\/p>\n\n\n\n<ul class=\"wp-block-list\">\n<li><a href=\"https:\/\/fotonostalgic.eu\/index.php\/ogloszenia-parafialne\/\" data-type=\"page\" data-id=\"346\">Og\u0142oszenia parafialne<\/a><\/li>\n\n\n\n<li><a href=\"https:\/\/fotonostalgic.eu\/index.php\/inspiracje\/\" data-type=\"page\" data-id=\"350\">Inspiracje<\/a><\/li>\n\n\n\n<li><a href=\"https:\/\/fotonostalgic.eu\/index.php\/kategoria-kompozycje\/\" data-type=\"page\" data-id=\"353\">Kompozycje<\/a><\/li>\n\n\n\n<li><a href=\"https:\/\/fotonostalgic.eu\/index.php\/kategoria-podroze\/\" data-type=\"page\" data-id=\"358\">Podr\u00f3\u017ce<\/a><\/li>\n\n\n\n<li><a href=\"https:\/\/fotonostalgic.eu\/index.php\/sprzet\/\" data-type=\"page\" data-id=\"348\">Sprz\u0119t<\/a><\/li>\n\n\n\n<li><a href=\"https:\/\/fotonostalgic.eu\/index.php\/kategoria-technikalia\/\" data-type=\"page\" data-id=\"361\">Technikalia<\/a><\/li>\n\n\n\n<li><a href=\"https:\/\/fotonostalgic.eu\/index.php\/kategoria-wydarzenia\/\">Wydarzenia<\/a><\/li>\n<\/ul>\n\n\n\n<figure class=\"wp-block-image size-large\"><img loading=\"lazy\" decoding=\"async\" width=\"679\" height=\"1024\" src=\"https:\/\/fotonostalgic.eu\/wp-content\/uploads\/2024\/03\/004014160009-679x1024.jpg\" alt=\"\" class=\"wp-image-171\" srcset=\"https:\/\/fotonostalgic.eu\/wp-content\/uploads\/2024\/03\/004014160009-679x1024.jpg 679w, https:\/\/fotonostalgic.eu\/wp-content\/uploads\/2024\/03\/004014160009-199x300.jpg 199w, https:\/\/fotonostalgic.eu\/wp-content\/uploads\/2024\/03\/004014160009-768x1158.jpg 768w, https:\/\/fotonostalgic.eu\/wp-content\/uploads\/2024\/03\/004014160009-1018x1536.jpg 1018w, https:\/\/fotonostalgic.eu\/wp-content\/uploads\/2024\/03\/004014160009-1358x2048.jpg 1358w, https:\/\/fotonostalgic.eu\/wp-content\/uploads\/2024\/03\/004014160009-scaled.jpg 1697w\" sizes=\"auto, (max-width: 679px) 100vw, 679px\" \/><\/figure>\n","protected":false},"excerpt":{"rendered":"<p>Wszystkie nasze posty maj\u0105 odpowiedni\u0105 kategori\u0119. Wybierz jedn\u0105 z nich:<\/p>\n","protected":false},"author":1,"featured_media":0,"parent":0,"menu_order":0,"comment_status":"closed","ping_status":"closed","template":"","meta":{"ngg_post_thumbnail":0,"footnotes":""},"class_list":["post-162","page","type-page","status-publish","hentry"],"_links":{"self":[{"href":"https:\/\/fotonostalgic.eu\/index.php\/wp-json\/wp\/v2\/pages\/162","targetHints":{"allow":["GET"]}}],"collection":[{"href":"https:\/\/fotonostalgic.eu\/index.php\/wp-json\/wp\/v2\/pages"}],"about":[{"href":"https:\/\/fotonostalgic.eu\/index.php\/wp-json\/wp\/v2\/types\/page"}],"author":[{"embeddable":true,"href":"https:\/\/fotonostalgic.eu\/index.php\/wp-json\/wp\/v2\/users\/1"}],"replies":[{"embeddable":true,"href":"https:\/\/fotonostalgic.eu\/index.php\/wp-json\/wp\/v2\/comments?post=162"}],"version-history":[{"count":4,"href":"https:\/\/fotonostalgic.eu\/index.php\/wp-json\/wp\/v2\/pages\/162\/revisions"}],"predecessor-version":[{"id":389,"href":"https:\/\/fotonostalgic.eu\/index.php\/wp-json\/wp\/v2\/pages\/162\/revisions\/389"}],"wp:attachment":[{"href":"https:\/\/fotonostalgic.eu\/index.php\/wp-json\/wp\/v2\/media?parent=162"}],"curies":[{"name":"wp","href":"https:\/\/api.w.org\/{rel}","templated":true}]}}