{"id":165,"date":"2024-03-21T12:08:09","date_gmt":"2024-03-21T11:08:09","guid":{"rendered":"https:\/\/fotonostalgic.eu\/?page_id=165"},"modified":"2024-05-22T18:48:49","modified_gmt":"2024-05-22T17:48:49","slug":"kontakt","status":"publish","type":"page","link":"https:\/\/fotonostalgic.eu\/index.php\/kontakt\/","title":{"rendered":"Kontakt"},"content":{"rendered":"\n<p>Dzie\u0144 dobry! A wi\u0119c chcesz si\u0119 z nami skontaktowa\u0107? P\u00f3ki co &#8211; jedynie mo\u017cliwy jest kontakt poprzez wys\u0142anie maila:<\/p>\n\n\n\n<details class=\"wp-block-details is-layout-flow wp-block-details-is-layout-flow\"><summary>Kliknij, aby pokaza\u0107 adres mailowy<\/summary>\n<p><strong>kontakt @ fotonostalgic \u3002eu<\/strong><\/p>\n\n\n\n<p><\/p>\n<\/details>\n\n\n\n<p>P\u00f3ki co &#8211; nie planujemy zak\u0142ada\u0107 \u017cadnych kont na social media. Ta strona jest to taka nasza &#8222;szuflada&#8221;, do kt\u00f3rej l\u0105duj\u0105 zdj\u0119cia &#8222;do szuflady&#8221;. Jednak\u017ce chcieliby\u015bmy, by nasza szuflada by\u0142a bardziej widoczna, ni\u017c standardowe szuflady. <\/p>\n\n\n\n<p>No&#8230; ale kto wie? Mo\u017ce kiedy\u015b za\u0142o\u017cymy jaki\u015b profil gdzie\u015b. Ale p\u00f3ki co &#8211; nie planujemy. Czekamy na wasze wiadomo\u015bci!<\/p>\n\n\n\n<figure class=\"wp-block-image size-large is-style-default\"><img loading=\"lazy\" decoding=\"async\" width=\"1024\" height=\"768\" src=\"https:\/\/fotonostalgic.eu\/wp-content\/uploads\/2024\/05\/104108580001-1-1024x768.jpg\" alt=\"\" class=\"wp-image-973\" srcset=\"https:\/\/fotonostalgic.eu\/wp-content\/uploads\/2024\/05\/104108580001-1-1024x768.jpg 1024w, https:\/\/fotonostalgic.eu\/wp-content\/uploads\/2024\/05\/104108580001-1-300x225.jpg 300w, https:\/\/fotonostalgic.eu\/wp-content\/uploads\/2024\/05\/104108580001-1-768x576.jpg 768w, https:\/\/fotonostalgic.eu\/wp-content\/uploads\/2024\/05\/104108580001-1-1536x1152.jpg 1536w, https:\/\/fotonostalgic.eu\/wp-content\/uploads\/2024\/05\/104108580001-1-2048x1536.jpg 2048w\" sizes=\"auto, (max-width: 1024px) 100vw, 1024px\" \/><\/figure>\n","protected":false},"excerpt":{"rendered":"<p>Dzie\u0144 dobry! A wi\u0119c chcesz si\u0119 z nami skontaktowa\u0107? P\u00f3ki co &#8211; jedynie mo\u017cliwy jest kontakt poprzez wys\u0142anie maila: P\u00f3ki co &#8211; nie planujemy zak\u0142ada\u0107 \u017cadnych kont na social media. Ta strona jest to taka nasza &#8222;szuflada&#8221;, do kt\u00f3rej l\u0105duj\u0105 zdj\u0119cia &#8222;do szuflady&#8221;. Jednak\u017ce chcieliby\u015bmy, by nasza szuflada by\u0142a bardziej widoczna, ni\u017c standardowe szuflady. No&#8230; [&hellip;]<\/p>\n","protected":false},"author":1,"featured_media":0,"parent":0,"menu_order":0,"comment_status":"closed","ping_status":"closed","template":"","meta":{"ngg_post_thumbnail":0,"footnotes":""},"class_list":["post-165","page","type-page","status-publish","hentry"],"_links":{"self":[{"href":"https:\/\/fotonostalgic.eu\/index.php\/wp-json\/wp\/v2\/pages\/165","targetHints":{"allow":["GET"]}}],"collection":[{"href":"https:\/\/fotonostalgic.eu\/index.php\/wp-json\/wp\/v2\/pages"}],"about":[{"href":"https:\/\/fotonostalgic.eu\/index.php\/wp-json\/wp\/v2\/types\/page"}],"author":[{"embeddable":true,"href":"https:\/\/fotonostalgic.eu\/index.php\/wp-json\/wp\/v2\/users\/1"}],"replies":[{"embeddable":true,"href":"https:\/\/fotonostalgic.eu\/index.php\/wp-json\/wp\/v2\/comments?post=165"}],"version-history":[{"count":7,"href":"https:\/\/fotonostalgic.eu\/index.php\/wp-json\/wp\/v2\/pages\/165\/revisions"}],"predecessor-version":[{"id":975,"href":"https:\/\/fotonostalgic.eu\/index.php\/wp-json\/wp\/v2\/pages\/165\/revisions\/975"}],"wp:attachment":[{"href":"https:\/\/fotonostalgic.eu\/index.php\/wp-json\/wp\/v2\/media?parent=165"}],"curies":[{"name":"wp","href":"https:\/\/api.w.org\/{rel}","templated":true}]}}