{"id":1745,"date":"2025-06-21T14:23:50","date_gmt":"2025-06-21T13:23:50","guid":{"rendered":"https:\/\/fotonostalgic.eu\/?page_id=1745"},"modified":"2025-06-21T14:44:12","modified_gmt":"2025-06-21T13:44:12","slug":"krzeslo-najzywsze-z-martwych","status":"publish","type":"page","link":"https:\/\/fotonostalgic.eu\/index.php\/krzeslo-najzywsze-z-martwych\/","title":{"rendered":"Krzes\u0142o &#8211; naj\u017cywsze z martwych"},"content":{"rendered":"\n<p>Kolekcja najbardziej udanych zdj\u0119\u0107 krzese\u0142. Genez\u0119 ca\u0142ego konceptu opisa\u0142em <a href=\"https:\/\/fotonostalgic.eu\/index.php\/2025\/06\/21\/krzeslo-najzywsze-z-martwych\/\">tutaj<\/a>.<\/p>\n\n\n\nngg_shortcode_0_placeholder\n\n\n\n<p><\/p>\n","protected":false},"excerpt":{"rendered":"<p>Kolekcja najbardziej udanych zdj\u0119\u0107 krzese\u0142. Genez\u0119 ca\u0142ego konceptu opisa\u0142em tutaj.<\/p>\n","protected":false},"author":3,"featured_media":0,"parent":0,"menu_order":0,"comment_status":"closed","ping_status":"closed","template":"","meta":{"ngg_post_thumbnail":0,"footnotes":""},"class_list":["post-1745","page","type-page","status-publish","hentry"],"_links":{"self":[{"href":"https:\/\/fotonostalgic.eu\/index.php\/wp-json\/wp\/v2\/pages\/1745","targetHints":{"allow":["GET"]}}],"collection":[{"href":"https:\/\/fotonostalgic.eu\/index.php\/wp-json\/wp\/v2\/pages"}],"about":[{"href":"https:\/\/fotonostalgic.eu\/index.php\/wp-json\/wp\/v2\/types\/page"}],"author":[{"embeddable":true,"href":"https:\/\/fotonostalgic.eu\/index.php\/wp-json\/wp\/v2\/users\/3"}],"replies":[{"embeddable":true,"href":"https:\/\/fotonostalgic.eu\/index.php\/wp-json\/wp\/v2\/comments?post=1745"}],"version-history":[{"count":3,"href":"https:\/\/fotonostalgic.eu\/index.php\/wp-json\/wp\/v2\/pages\/1745\/revisions"}],"predecessor-version":[{"id":1758,"href":"https:\/\/fotonostalgic.eu\/index.php\/wp-json\/wp\/v2\/pages\/1745\/revisions\/1758"}],"wp:attachment":[{"href":"https:\/\/fotonostalgic.eu\/index.php\/wp-json\/wp\/v2\/media?parent=1745"}],"curies":[{"name":"wp","href":"https:\/\/api.w.org\/{rel}","templated":true}]}}