{"id":350,"date":"2024-03-23T22:00:27","date_gmt":"2024-03-23T21:00:27","guid":{"rendered":"https:\/\/fotonostalgic.eu\/?page_id=350"},"modified":"2024-03-23T22:01:21","modified_gmt":"2024-03-23T21:01:21","slug":"inspiracje","status":"publish","type":"page","link":"https:\/\/fotonostalgic.eu\/index.php\/inspiracje\/","title":{"rendered":"Kategoria: Inspiracje"},"content":{"rendered":"<ul class=\"wp-block-latest-posts__list wp-block-latest-posts\"><li><a class=\"wp-block-latest-posts__post-title\" href=\"https:\/\/fotonostalgic.eu\/index.php\/2025\/07\/06\/relacja-73-lecie-produkcji-fso-recenzja-pentaxa-mx\/\">Relacja &#8211; 73 lecie produkcji FSO + Recenzja Pentaxa MX<\/a><\/li>\n<li><a class=\"wp-block-latest-posts__post-title\" href=\"https:\/\/fotonostalgic.eu\/index.php\/2024\/09\/08\/fotograffiti\/\">Fotograffiti<\/a><\/li>\n<li><a class=\"wp-block-latest-posts__post-title\" href=\"https:\/\/fotonostalgic.eu\/index.php\/2024\/06\/15\/sredni-format-czyli-garsc-srednich-spostrzezen\/\">\u015aredni format, czyli gar\u015b\u0107 \u015brednich spostrze\u017ce\u0144<\/a><\/li>\n<li><a class=\"wp-block-latest-posts__post-title\" href=\"https:\/\/fotonostalgic.eu\/index.php\/2024\/05\/05\/zorki-6-zrobil-pragi-polnoc-zdjec-36-recenzja-zorki-6\/\">Zorki 6 &#8211; Zrobi\u0142 Pragi P\u00f3\u0142noc zdj\u0119\u0107 36 &#8211; Recenzja Zorki 6<\/a><\/li>\n<li><a class=\"wp-block-latest-posts__post-title\" href=\"https:\/\/fotonostalgic.eu\/index.php\/2024\/04\/23\/osobiste-przemyslenia-po-korzystaniu-z-cudzego-sprzetu\/\">Osobiste przemy\u015blenia po korzystaniu z cudzego sprz\u0119tu<\/a><\/li>\n<\/ul>","protected":false},"excerpt":{"rendered":"","protected":false},"author":1,"featured_media":0,"parent":0,"menu_order":0,"comment_status":"closed","ping_status":"closed","template":"","meta":{"ngg_post_thumbnail":0,"footnotes":""},"class_list":["post-350","page","type-page","status-publish","hentry"],"_links":{"self":[{"href":"https:\/\/fotonostalgic.eu\/index.php\/wp-json\/wp\/v2\/pages\/350","targetHints":{"allow":["GET"]}}],"collection":[{"href":"https:\/\/fotonostalgic.eu\/index.php\/wp-json\/wp\/v2\/pages"}],"about":[{"href":"https:\/\/fotonostalgic.eu\/index.php\/wp-json\/wp\/v2\/types\/page"}],"author":[{"embeddable":true,"href":"https:\/\/fotonostalgic.eu\/index.php\/wp-json\/wp\/v2\/users\/1"}],"replies":[{"embeddable":true,"href":"https:\/\/fotonostalgic.eu\/index.php\/wp-json\/wp\/v2\/comments?post=350"}],"version-history":[{"count":3,"href":"https:\/\/fotonostalgic.eu\/index.php\/wp-json\/wp\/v2\/pages\/350\/revisions"}],"predecessor-version":[{"id":387,"href":"https:\/\/fotonostalgic.eu\/index.php\/wp-json\/wp\/v2\/pages\/350\/revisions\/387"}],"wp:attachment":[{"href":"https:\/\/fotonostalgic.eu\/index.php\/wp-json\/wp\/v2\/media?parent=350"}],"curies":[{"name":"wp","href":"https:\/\/api.w.org\/{rel}","templated":true}]}}