{"id":361,"date":"2024-03-23T22:02:53","date_gmt":"2024-03-23T21:02:53","guid":{"rendered":"https:\/\/fotonostalgic.eu\/?page_id=361"},"modified":"2024-03-23T22:02:53","modified_gmt":"2024-03-23T21:02:53","slug":"kategoria-technikalia","status":"publish","type":"page","link":"https:\/\/fotonostalgic.eu\/index.php\/kategoria-technikalia\/","title":{"rendered":"Kategoria: Technikalia"},"content":{"rendered":"<ul class=\"wp-block-latest-posts__list wp-block-latest-posts\"><li><a class=\"wp-block-latest-posts__post-title\" href=\"https:\/\/fotonostalgic.eu\/index.php\/2025\/07\/06\/relacja-73-lecie-produkcji-fso-recenzja-pentaxa-mx\/\">Relacja &#8211; 73 lecie produkcji FSO + Recenzja Pentaxa MX<\/a><\/li>\n<li><a class=\"wp-block-latest-posts__post-title\" href=\"https:\/\/fotonostalgic.eu\/index.php\/2024\/05\/05\/zorki-6-zrobil-pragi-polnoc-zdjec-36-recenzja-zorki-6\/\">Zorki 6 &#8211; Zrobi\u0142 Pragi P\u00f3\u0142noc zdj\u0119\u0107 36 &#8211; Recenzja Zorki 6<\/a><\/li>\n<li><a class=\"wp-block-latest-posts__post-title\" href=\"https:\/\/fotonostalgic.eu\/index.php\/2024\/04\/23\/osobiste-przemyslenia-po-korzystaniu-z-cudzego-sprzetu\/\">Osobiste przemy\u015blenia po korzystaniu z cudzego sprz\u0119tu<\/a><\/li>\n<li><a class=\"wp-block-latest-posts__post-title\" href=\"https:\/\/fotonostalgic.eu\/index.php\/2024\/03\/23\/poszukiwanie-idealnego-aparatu-historia-wielkiej-porazki\/\">Poszukiwanie idealnego aparatu &#8211; historia wielkiej pora\u017cki<\/a><\/li>\n<\/ul>","protected":false},"excerpt":{"rendered":"","protected":false},"author":1,"featured_media":0,"parent":0,"menu_order":0,"comment_status":"closed","ping_status":"closed","template":"","meta":{"ngg_post_thumbnail":0,"footnotes":""},"class_list":["post-361","page","type-page","status-publish","hentry"],"_links":{"self":[{"href":"https:\/\/fotonostalgic.eu\/index.php\/wp-json\/wp\/v2\/pages\/361","targetHints":{"allow":["GET"]}}],"collection":[{"href":"https:\/\/fotonostalgic.eu\/index.php\/wp-json\/wp\/v2\/pages"}],"about":[{"href":"https:\/\/fotonostalgic.eu\/index.php\/wp-json\/wp\/v2\/types\/page"}],"author":[{"embeddable":true,"href":"https:\/\/fotonostalgic.eu\/index.php\/wp-json\/wp\/v2\/users\/1"}],"replies":[{"embeddable":true,"href":"https:\/\/fotonostalgic.eu\/index.php\/wp-json\/wp\/v2\/comments?post=361"}],"version-history":[{"count":1,"href":"https:\/\/fotonostalgic.eu\/index.php\/wp-json\/wp\/v2\/pages\/361\/revisions"}],"predecessor-version":[{"id":362,"href":"https:\/\/fotonostalgic.eu\/index.php\/wp-json\/wp\/v2\/pages\/361\/revisions\/362"}],"wp:attachment":[{"href":"https:\/\/fotonostalgic.eu\/index.php\/wp-json\/wp\/v2\/media?parent=361"}],"curies":[{"name":"wp","href":"https:\/\/api.w.org\/{rel}","templated":true}]}}