{"id":391,"date":"2024-04-01T13:44:37","date_gmt":"2024-04-01T12:44:37","guid":{"rendered":"https:\/\/fotonostalgic.eu\/?page_id=391"},"modified":"2024-11-04T10:44:10","modified_gmt":"2024-11-04T09:44:10","slug":"galeria-sandacza","status":"publish","type":"page","link":"https:\/\/fotonostalgic.eu\/index.php\/galerie\/galeria-sandacza\/","title":{"rendered":"Galeria Sandacza"},"content":{"rendered":"\n<p class=\"has-small-font-size\">Naturaln\u0105 konsekwencj\u0105 ka\u017cdej aktywno\u015bci tw\u00f3rczej, fotografii r\u00f3wnie\u017c, jest potrzeba podzielenia si\u0119 efektami naszej pracy. Oczywi\u015bcie, to my, czyli autorzy jeste\u015bmy ich pierwszymi i najwa\u017cniejszymi odbiorcami. Nic nie staje na przeszkodzie, aby\u015bmy pozostali te\u017c tymi jedynymi, ale koniec ko\u0144c\u00f3w szuflada staje si\u0119 zbyt ciasna, a nasz samozachwyt niewystarczaj\u0105cy.<\/p>\n\n\n\n<figure class=\"wp-block-image size-full is-resized\"><img loading=\"lazy\" decoding=\"async\" width=\"2560\" height=\"1702\" src=\"https:\/\/fotonostalgic.eu\/wp-content\/uploads\/2024\/05\/240502_DSC_0125-scaled.jpg\" alt=\"\" class=\"wp-image-1324\" style=\"aspect-ratio:3\/2;object-fit:cover;width:620px\" srcset=\"https:\/\/fotonostalgic.eu\/wp-content\/uploads\/2024\/05\/240502_DSC_0125-scaled.jpg 2560w, https:\/\/fotonostalgic.eu\/wp-content\/uploads\/2024\/05\/240502_DSC_0125-300x199.jpg 300w, https:\/\/fotonostalgic.eu\/wp-content\/uploads\/2024\/05\/240502_DSC_0125-1024x681.jpg 1024w, https:\/\/fotonostalgic.eu\/wp-content\/uploads\/2024\/05\/240502_DSC_0125-768x511.jpg 768w, https:\/\/fotonostalgic.eu\/wp-content\/uploads\/2024\/05\/240502_DSC_0125-1536x1021.jpg 1536w, https:\/\/fotonostalgic.eu\/wp-content\/uploads\/2024\/05\/240502_DSC_0125-2048x1361.jpg 2048w\" sizes=\"auto, (max-width: 2560px) 100vw, 2560px\" \/><figcaption class=\"wp-element-caption\">Widmo, 2023<br>Nikon D50, Nikkor 50mm f\/1.8 AF-D<br>1\/4s, f\/16, ISO 400, 5350K<\/figcaption><\/figure>\n\n\n\n<p class=\"has-small-font-size\">Puszczamy zatem nasze twory w \u015bwiat. Dzielimy si\u0119 nimi z bliskimi, z obcymi zreszt\u0105 te\u017c. Jeste\u015bmy przecie\u017c zwierz\u0119tami spo\u0142ecznymi, wi\u0119c nic dziwnego, \u017ce oczekujemy informacji zwrotnej w stosunku do tego co pope\u0142nili\u015bmy, szczeg\u00f3lnie gdy po\u015bwi\u0119cimy temu zasoby (czas, umiej\u0119tno\u015bci, materia\u0142y, emocje). Pod\u015bwiadomie pragniemy walidacji naszej warto\u015bci (#Instalajf), ale niekiedy wystarcza juz sam akt sprawczo\u015bci &#8211; wysy\u0142am komunikat, a on ju\u017c \u017cyje w\u0142asnym \u017cyciem.<\/p>\n\n\n\n<figure class=\"wp-block-image size-full is-resized\"><img loading=\"lazy\" decoding=\"async\" width=\"2560\" height=\"1697\" src=\"https:\/\/fotonostalgic.eu\/wp-content\/uploads\/2024\/05\/240511_104104010009-scaled.jpg\" alt=\"\" class=\"wp-image-807\" style=\"width:620px\" srcset=\"https:\/\/fotonostalgic.eu\/wp-content\/uploads\/2024\/05\/240511_104104010009-scaled.jpg 2560w, https:\/\/fotonostalgic.eu\/wp-content\/uploads\/2024\/05\/240511_104104010009-300x199.jpg 300w, https:\/\/fotonostalgic.eu\/wp-content\/uploads\/2024\/05\/240511_104104010009-1024x679.jpg 1024w, https:\/\/fotonostalgic.eu\/wp-content\/uploads\/2024\/05\/240511_104104010009-768x509.jpg 768w, https:\/\/fotonostalgic.eu\/wp-content\/uploads\/2024\/05\/240511_104104010009-1536x1018.jpg 1536w, https:\/\/fotonostalgic.eu\/wp-content\/uploads\/2024\/05\/240511_104104010009-2048x1358.jpg 2048w\" sizes=\"auto, (max-width: 2560px) 100vw, 2560px\" \/><figcaption class=\"wp-element-caption\">Punkt informacyjny, 2024<br>Praktica L2, Pentacon 50mm f\/1.8<br>Kodak Ultramax 400<\/figcaption><\/figure>\n\n\n\n<p class=\"has-small-font-size\">Sztuka jest form\u0105 wyra\u017cania siebie i nie wymaga publiczno\u015bci &#8211; jak ju\u017c pisa\u0142em, pierwszym i najwa\u017cniejszym odbiorc\u0105 jestem ja sam i powinno mi wystarczy\u0107, \u017ce podoba mi si\u0119 to co zrobi\u0142em. Z drugiej strony, dlaczego mam to wszystko trzyma\u0107 tylko dla siebie, skoro jest takie dobre? Pozw\u00f3lcie wi\u0119c, \u017ce ja to tu tylko zostawi\u0119, i ju\u017c czmycham. Mo\u017ce wam te\u017c spodoba si\u0119, tak samo jak mi.<\/p>\n\n\n\n<div class=\"wp-block-group has-global-padding is-layout-constrained wp-block-group-is-layout-constrained\">\n<p><strong>Sandacz cyfrograficznie:<\/strong><\/p>\n\n\n\n<ul class=\"wp-block-list\">\n<li><a href=\"https:\/\/fotonostalgic.eu\/index.php\/galerie\/galeria-sandacza\/powershot-w-wielkim-miescie-sandacz-2008\/\">Powershot w wielkim mie\u015bcie (2008)<\/a><\/li>\n<\/ul>\n\n\n\n<p><strong>Sandacz filmograficznie:<\/strong><\/p>\n\n\n\n<ul class=\"wp-block-list\">\n<li><a href=\"https:\/\/fotonostalgic.eu\/index.php\/dalmacija-u-mom-objektivu-2022\/\">Dalmacija u mom objektivu (2022)<\/a><\/li>\n<\/ul>\n<\/div>\n","protected":false},"excerpt":{"rendered":"<p>Naturaln\u0105 konsekwencj\u0105 ka\u017cdej aktywno\u015bci tw\u00f3rczej, fotografii r\u00f3wnie\u017c, jest potrzeba podzielenia si\u0119 efektami naszej pracy. Oczywi\u015bcie, to my, czyli autorzy jeste\u015bmy ich pierwszymi i najwa\u017cniejszymi odbiorcami. Nic nie staje na przeszkodzie, aby\u015bmy pozostali te\u017c tymi jedynymi, ale koniec ko\u0144c\u00f3w szuflada staje si\u0119 zbyt ciasna, a nasz samozachwyt niewystarczaj\u0105cy. Puszczamy zatem nasze twory w \u015bwiat. Dzielimy si\u0119 [&hellip;]<\/p>\n","protected":false},"author":2,"featured_media":0,"parent":152,"menu_order":0,"comment_status":"closed","ping_status":"closed","template":"","meta":{"ngg_post_thumbnail":0,"footnotes":""},"class_list":["post-391","page","type-page","status-publish","hentry"],"_links":{"self":[{"href":"https:\/\/fotonostalgic.eu\/index.php\/wp-json\/wp\/v2\/pages\/391","targetHints":{"allow":["GET"]}}],"collection":[{"href":"https:\/\/fotonostalgic.eu\/index.php\/wp-json\/wp\/v2\/pages"}],"about":[{"href":"https:\/\/fotonostalgic.eu\/index.php\/wp-json\/wp\/v2\/types\/page"}],"author":[{"embeddable":true,"href":"https:\/\/fotonostalgic.eu\/index.php\/wp-json\/wp\/v2\/users\/2"}],"replies":[{"embeddable":true,"href":"https:\/\/fotonostalgic.eu\/index.php\/wp-json\/wp\/v2\/comments?post=391"}],"version-history":[{"count":40,"href":"https:\/\/fotonostalgic.eu\/index.php\/wp-json\/wp\/v2\/pages\/391\/revisions"}],"predecessor-version":[{"id":1516,"href":"https:\/\/fotonostalgic.eu\/index.php\/wp-json\/wp\/v2\/pages\/391\/revisions\/1516"}],"up":[{"embeddable":true,"href":"https:\/\/fotonostalgic.eu\/index.php\/wp-json\/wp\/v2\/pages\/152"}],"wp:attachment":[{"href":"https:\/\/fotonostalgic.eu\/index.php\/wp-json\/wp\/v2\/media?parent=391"}],"curies":[{"name":"wp","href":"https:\/\/api.w.org\/{rel}","templated":true}]}}