{"id":706,"date":"2024-05-03T20:56:28","date_gmt":"2024-05-03T19:56:28","guid":{"rendered":"https:\/\/fotonostalgic.eu\/?page_id=706"},"modified":"2024-05-20T10:13:53","modified_gmt":"2024-05-20T09:13:53","slug":"berlin-miasto-w-negatywie","status":"publish","type":"page","link":"https:\/\/fotonostalgic.eu\/index.php\/galerie\/galeria-makao\/berlin-miasto-w-negatywie\/","title":{"rendered":"Berlin &#8211; miasto w negatywie"},"content":{"rendered":"\n<p>Na pocz\u0105tku tego roku mia\u0142em okazj\u0119 sp\u0119dzi\u0107 par\u0119 dni w Berlinie przy jednoczesnym robieniu zdj\u0119\u0107. Podczas owego pobytu stara\u0142em si\u0119 bardziej eksperymentalnie podej\u015b\u0107 do powszechnej fotografii &#8222;turystycznej&#8221;.<\/p>\n\n\n\n<p>Niestety pomimo zabrania aparatu cyfrowego, nie u\u017cy\u0142em go ani razu.<br>Podczas oczekiwania na poci\u0105g do Berlina zauwa\u017cy\u0142em, i\u017c zostawi\u0142em swoj\u0105 kart\u0119 pami\u0119ci w domu. Szcz\u0119\u015bciem w nieszcz\u0119\u015bciu by\u0142o zabranie aparatu analogowego i paru rolek negatyw\u00f3w.<\/p>\n\n\n\n<p>Pomimo wspomnianego problemu, raczej jestem zadowolony z efekt\u00f3w wyjazdu. Pozwoli\u0142o mi to na jaki\u015b stopie\u0144 improwizacji i eksperymentacji z dost\u0119pnymi \u015brodkami.<\/p>\n\n\n\n<p>Ograniczony by\u0142em do jednego obiektywu, Heliosa 44M-4. Z negatyw\u00f3w mia\u0142em przy sobie jedynie dwie rolki fomapana 400 oraz jedn\u0105 ORWO Wolfen NC500. <\/p>\n\n\n\nngg_shortcode_0_placeholder\n\n\n\n<p>Z ciekawo\u015bci jak i r\u00f3wnie\u017c po cz\u0119\u015bci dla zabawy postanowi\u0142em zabarwi\u0107 skany czarno-bia\u0142ego negatywu. <\/p>\n\n\n\nngg_shortcode_1_placeholder\n\n\n\n<p>Z powodu strzelania w abstarkcyjnym o\u015bwietleniu zmuszony by\u0142em forsowa\u0107 orwo o jeden stopie\u0144. Osobi\u015bcie bardzo przypada mi do gustu nasycenie barw tej emulsji w \u015bwietle sztucznym. Bardzo kontrastuje to z raczej stonowan\u0105 palet\u0105 kolor\u00f3w jak\u0105 mo\u017ca zaobserwowa\u0107 w zdj\u0119ciach wykonanych za dnia w \u015bwietle s\u0142onecznym.<\/p>\n\n\n\n<p><\/p>\n\n\n\nngg_shortcode_2_placeholder\n","protected":false},"excerpt":{"rendered":"<p>Na pocz\u0105tku tego roku mia\u0142em okazj\u0119 sp\u0119dzi\u0107 par\u0119 dni w Berlinie przy jednoczesnym robieniu zdj\u0119\u0107. Podczas owego pobytu stara\u0142em si\u0119 bardziej eksperymentalnie podej\u015b\u0107 do powszechnej fotografii &#8222;turystycznej&#8221;. Niestety pomimo zabrania aparatu cyfrowego, nie u\u017cy\u0142em go ani razu.Podczas oczekiwania na poci\u0105g do Berlina zauwa\u017cy\u0142em, i\u017c zostawi\u0142em swoj\u0105 kart\u0119 pami\u0119ci w domu. Szcz\u0119\u015bciem w nieszcz\u0119\u015bciu by\u0142o zabranie [&hellip;]<\/p>\n","protected":false},"author":3,"featured_media":0,"parent":653,"menu_order":0,"comment_status":"closed","ping_status":"closed","template":"","meta":{"ngg_post_thumbnail":0,"footnotes":""},"class_list":["post-706","page","type-page","status-publish","hentry"],"_links":{"self":[{"href":"https:\/\/fotonostalgic.eu\/index.php\/wp-json\/wp\/v2\/pages\/706","targetHints":{"allow":["GET"]}}],"collection":[{"href":"https:\/\/fotonostalgic.eu\/index.php\/wp-json\/wp\/v2\/pages"}],"about":[{"href":"https:\/\/fotonostalgic.eu\/index.php\/wp-json\/wp\/v2\/types\/page"}],"author":[{"embeddable":true,"href":"https:\/\/fotonostalgic.eu\/index.php\/wp-json\/wp\/v2\/users\/3"}],"replies":[{"embeddable":true,"href":"https:\/\/fotonostalgic.eu\/index.php\/wp-json\/wp\/v2\/comments?post=706"}],"version-history":[{"count":3,"href":"https:\/\/fotonostalgic.eu\/index.php\/wp-json\/wp\/v2\/pages\/706\/revisions"}],"predecessor-version":[{"id":792,"href":"https:\/\/fotonostalgic.eu\/index.php\/wp-json\/wp\/v2\/pages\/706\/revisions\/792"}],"up":[{"embeddable":true,"href":"https:\/\/fotonostalgic.eu\/index.php\/wp-json\/wp\/v2\/pages\/653"}],"wp:attachment":[{"href":"https:\/\/fotonostalgic.eu\/index.php\/wp-json\/wp\/v2\/media?parent=706"}],"curies":[{"name":"wp","href":"https:\/\/api.w.org\/{rel}","templated":true}]}}