{"id":947,"date":"2024-05-20T10:16:06","date_gmt":"2024-05-20T09:16:06","guid":{"rendered":"https:\/\/fotonostalgic.eu\/?page_id=947"},"modified":"2024-05-25T11:54:18","modified_gmt":"2024-05-25T10:54:18","slug":"dalmacija-u-mom-objektivu-2022","status":"publish","type":"page","link":"https:\/\/fotonostalgic.eu\/index.php\/galerie\/galeria-sandacza\/dalmacija-u-mom-objektivu-2022\/","title":{"rendered":"Dalmacija u mom objektivu (Sandacz 2022)"},"content":{"rendered":"\n<p>Niniejsza galeria sk\u0142ada si\u0119 z selekcji zdj\u0119\u0107 dokumentuj\u0105cych tygodniowy wyjazd do Chorwacji na pocz\u0105tku wrze\u015bnia 2022 roku. Uwieczniono na nich m.in. pla\u017c\u0119 i deptak w Makarskiej oraz zabytkow\u0105 cz\u0119\u015b\u0107 \u0160ibenika.<\/p>\n\n\n\nngg_shortcode_0_placeholder\n\n\n\n<p>Zdj\u0119cia zosta\u0142y wykonane z wykorzystaniem aparatu Praktica L2, obiektywu Pentacon 50mm f\/1.8 auto MC oraz dw\u00f3ch rodzaj\u00f3w filmu negatywowego &#8211; czarnobia\u0142ego Ilford PAN 400 oraz kolorowego Kodak Colorplus 200.<\/p>\n\n\n\n<p><strong>Wpis dotycz\u0105cy galerii:<\/strong><\/p>\n\n\n\n<figure class=\"wp-block-embed is-type-wp-embed is-provider-fotonostalgic wp-block-embed-fotonostalgic\"><div class=\"wp-block-embed__wrapper\">\n<blockquote class=\"wp-embedded-content\" data-secret=\"2rE8SRV63G\"><a href=\"https:\/\/fotonostalgic.eu\/index.php\/2024\/03\/29\/dalmacija-u-mom-objektivu-czyli-moje-pierwsze-rolki\/\">Dalmacija u mom objektivu, czyli moje pierwsze rolki<\/a><\/blockquote><iframe loading=\"lazy\" class=\"wp-embedded-content\" sandbox=\"allow-scripts\" security=\"restricted\" style=\"position: absolute; clip: rect(1px, 1px, 1px, 1px);\" title=\"&#8222;Dalmacija u mom objektivu, czyli moje pierwsze rolki&#8221; &#8212; Fotonostalgic\" src=\"https:\/\/fotonostalgic.eu\/index.php\/2024\/03\/29\/dalmacija-u-mom-objektivu-czyli-moje-pierwsze-rolki\/embed\/#?secret=y488UdHemf#?secret=2rE8SRV63G\" data-secret=\"2rE8SRV63G\" width=\"500\" height=\"282\" frameborder=\"0\" marginwidth=\"0\" marginheight=\"0\" scrolling=\"no\"><\/iframe>\n<\/div><\/figure>\n","protected":false},"excerpt":{"rendered":"<p>Niniejsza galeria sk\u0142ada si\u0119 z selekcji zdj\u0119\u0107 dokumentuj\u0105cych tygodniowy wyjazd do Chorwacji na pocz\u0105tku wrze\u015bnia 2022 roku. Uwieczniono na nich m.in. pla\u017c\u0119 i deptak w Makarskiej oraz zabytkow\u0105 cz\u0119\u015b\u0107 \u0160ibenika. Zdj\u0119cia zosta\u0142y wykonane z wykorzystaniem aparatu Praktica L2, obiektywu Pentacon 50mm f\/1.8 auto MC oraz dw\u00f3ch rodzaj\u00f3w filmu negatywowego &#8211; czarnobia\u0142ego Ilford PAN 400 oraz [&hellip;]<\/p>\n","protected":false},"author":2,"featured_media":0,"parent":391,"menu_order":0,"comment_status":"closed","ping_status":"closed","template":"","meta":{"ngg_post_thumbnail":0,"footnotes":""},"class_list":["post-947","page","type-page","status-publish","hentry"],"_links":{"self":[{"href":"https:\/\/fotonostalgic.eu\/index.php\/wp-json\/wp\/v2\/pages\/947","targetHints":{"allow":["GET"]}}],"collection":[{"href":"https:\/\/fotonostalgic.eu\/index.php\/wp-json\/wp\/v2\/pages"}],"about":[{"href":"https:\/\/fotonostalgic.eu\/index.php\/wp-json\/wp\/v2\/types\/page"}],"author":[{"embeddable":true,"href":"https:\/\/fotonostalgic.eu\/index.php\/wp-json\/wp\/v2\/users\/2"}],"replies":[{"embeddable":true,"href":"https:\/\/fotonostalgic.eu\/index.php\/wp-json\/wp\/v2\/comments?post=947"}],"version-history":[{"count":12,"href":"https:\/\/fotonostalgic.eu\/index.php\/wp-json\/wp\/v2\/pages\/947\/revisions"}],"predecessor-version":[{"id":1371,"href":"https:\/\/fotonostalgic.eu\/index.php\/wp-json\/wp\/v2\/pages\/947\/revisions\/1371"}],"up":[{"embeddable":true,"href":"https:\/\/fotonostalgic.eu\/index.php\/wp-json\/wp\/v2\/pages\/391"}],"wp:attachment":[{"href":"https:\/\/fotonostalgic.eu\/index.php\/wp-json\/wp\/v2\/media?parent=947"}],"curies":[{"name":"wp","href":"https:\/\/api.w.org\/{rel}","templated":true}]}}